{"id":87,"date":"2026-02-12T15:13:38","date_gmt":"2026-02-12T15:13:38","guid":{"rendered":"https:\/\/ohmyglow.mastermarketing.cloud\/?page_id=87"},"modified":"2026-03-19T21:51:54","modified_gmt":"2026-03-19T21:51:54","slug":"a-propos","status":"publish","type":"page","link":"https:\/\/ohmyglow.mastermarketing.cloud\/index.php\/a-propos\/","title":{"rendered":""},"content":{"rendered":"\n<div class=\"wp-block-cover alignfull has-parallax\" style=\"margin-top:0;margin-bottom:0;padding-top:0px;padding-bottom:80px;min-height:300px;aspect-ratio:unset;\"><div class=\"wp-block-cover__image-background wp-image-11 size-large has-parallax\" style=\"background-position:50% 50%;background-image:url(http:\/\/ohmyglow.mastermarketing.cloud\/wp-content\/uploads\/2026\/02\/55fecdad-5d09-46db-a4ed-34193ca15113-edited-1024x683.jpg)\"><\/div><span aria-hidden=\"true\" class=\"wp-block-cover__background has-contrast-background-color has-background-dim-30 has-background-dim\"><\/span><div class=\"wp-block-cover__inner-container has-global-padding is-layout-constrained wp-container-core-cover-is-layout-d4c6b484 wp-block-cover-is-layout-constrained\">\n<div class=\"wp-block-group alignwide is-content-justification-space-between is-layout-flex wp-container-core-group-is-layout-b585a4aa wp-block-group-is-layout-flex\">\n<div class=\"wp-block-group is-layout-flex wp-container-core-group-is-layout-7a92790e wp-block-group-is-layout-flex\"><div class=\"is-default-size wp-block-site-logo\"><a href=\"https:\/\/ohmyglow.mastermarketing.cloud\/\" class=\"custom-logo-link\" rel=\"home\"><img loading=\"lazy\" decoding=\"async\" width=\"1563\" height=\"1563\" src=\"https:\/\/ohmyglow.mastermarketing.cloud\/wp-content\/uploads\/2026\/02\/LOGO-OH-MY-GLOW-.png\" class=\"custom-logo\" alt=\"\" srcset=\"https:\/\/ohmyglow.mastermarketing.cloud\/wp-content\/uploads\/2026\/02\/LOGO-OH-MY-GLOW-.png 1563w, https:\/\/ohmyglow.mastermarketing.cloud\/wp-content\/uploads\/2026\/02\/LOGO-OH-MY-GLOW--300x300.png 300w, https:\/\/ohmyglow.mastermarketing.cloud\/wp-content\/uploads\/2026\/02\/LOGO-OH-MY-GLOW--1024x1024.png 1024w, https:\/\/ohmyglow.mastermarketing.cloud\/wp-content\/uploads\/2026\/02\/LOGO-OH-MY-GLOW--150x150.png 150w, https:\/\/ohmyglow.mastermarketing.cloud\/wp-content\/uploads\/2026\/02\/LOGO-OH-MY-GLOW--768x768.png 768w, https:\/\/ohmyglow.mastermarketing.cloud\/wp-content\/uploads\/2026\/02\/LOGO-OH-MY-GLOW--1536x1536.png 1536w\" sizes=\"auto, (max-width: 1563px) 100vw, 1563px\" \/><\/a><\/div><\/div>\n\n\n<nav class=\"is-responsive items-justified-right wp-block-navigation is-content-justification-right is-layout-flex wp-container-core-navigation-is-layout-f665d2b5 wp-block-navigation-is-layout-flex\" aria-label=\"Navigation\" \n\t\t data-wp-interactive=\"core\/navigation\" data-wp-context='{\"overlayOpenedBy\":{\"click\":false,\"hover\":false,\"focus\":false},\"type\":\"overlay\",\"roleAttribute\":\"\",\"ariaLabel\":\"Menu\"}'><button aria-haspopup=\"dialog\" aria-label=\"Ouvrir le menu\" class=\"wp-block-navigation__responsive-container-open\" \n\t\t\t\tdata-wp-on--click=\"actions.openMenuOnClick\"\n\t\t\t\tdata-wp-on--keydown=\"actions.handleMenuKeydown\"\n\t\t\t><svg width=\"24\" height=\"24\" xmlns=\"http:\/\/www.w3.org\/2000\/svg\" viewBox=\"0 0 24 24\" aria-hidden=\"true\" focusable=\"false\"><path d=\"M4 7.5h16v1.5H4z\"><\/path><path d=\"M4 15h16v1.5H4z\"><\/path><\/svg><\/button>\n\t\t\t\t<div class=\"wp-block-navigation__responsive-container\"  id=\"modal-1\" \n\t\t\t\tdata-wp-class--has-modal-open=\"state.isMenuOpen\"\n\t\t\t\tdata-wp-class--is-menu-open=\"state.isMenuOpen\"\n\t\t\t\tdata-wp-watch=\"callbacks.initMenu\"\n\t\t\t\tdata-wp-on--keydown=\"actions.handleMenuKeydown\"\n\t\t\t\tdata-wp-on--focusout=\"actions.handleMenuFocusout\"\n\t\t\t\ttabindex=\"-1\"\n\t\t\t>\n\t\t\t\t\t<div class=\"wp-block-navigation__responsive-close\" tabindex=\"-1\">\n\t\t\t\t\t\t<div class=\"wp-block-navigation__responsive-dialog\" \n\t\t\t\tdata-wp-bind--aria-modal=\"state.ariaModal\"\n\t\t\t\tdata-wp-bind--aria-label=\"state.ariaLabel\"\n\t\t\t\tdata-wp-bind--role=\"state.roleAttribute\"\n\t\t\t>\n\t\t\t\t\t\t\t<button aria-label=\"Fermer le menu\" class=\"wp-block-navigation__responsive-container-close\" \n\t\t\t\tdata-wp-on--click=\"actions.closeMenuOnClick\"\n\t\t\t><svg xmlns=\"http:\/\/www.w3.org\/2000\/svg\" viewBox=\"0 0 24 24\" width=\"24\" height=\"24\" aria-hidden=\"true\" focusable=\"false\"><path d=\"m13.06 12 6.47-6.47-1.06-1.06L12 10.94 5.53 4.47 4.47 5.53 10.94 12l-6.47 6.47 1.06 1.06L12 13.06l6.47 6.47 1.06-1.06L13.06 12Z\"><\/path><\/svg><\/button>\n\t\t\t\t\t\t\t<div class=\"wp-block-navigation__responsive-container-content\" \n\t\t\t\tdata-wp-watch=\"callbacks.focusFirstElement\"\n\t\t\t id=\"modal-1-content\">\n\t\t\t\t\t\t\t\t<ul class=\"wp-block-navigation__container is-responsive items-justified-right wp-block-navigation\"><li class=\" wp-block-navigation-item wp-block-navigation-link\"><a class=\"wp-block-navigation-item__content\"  href=\"https:\/\/ohmyglow.mastermarketing.cloud\/\"><span class=\"wp-block-navigation-item__label\">Accueil <\/span><\/a><\/li><li class=\" wp-block-navigation-item wp-block-navigation-link\"><a class=\"wp-block-navigation-item__content\"  href=\"https:\/\/ohmyglow.mastermarketing.cloud\/index.php\/a-propos\/\"><span class=\"wp-block-navigation-item__label\">\u00c0 propos<\/span><\/a><\/li><li class=\" wp-block-navigation-item wp-block-navigation-link\"><a class=\"wp-block-navigation-item__content\"  href=\"https:\/\/ohmyglow.mastermarketing.cloud\/index.php\/les-prestations\/\"><span class=\"wp-block-navigation-item__label\">Les prestations<\/span><\/a><\/li><li class=\" wp-block-navigation-item wp-block-navigation-link\"><a class=\"wp-block-navigation-item__content\"  href=\"https:\/\/www.planity.com\/oh-my-glow-20250-corte\" target=\"_blank\"  ><span class=\"wp-block-navigation-item__label\">Prendre RDV<\/span><\/a><\/li><li class=\" wp-block-navigation-item wp-block-navigation-link\"><a class=\"wp-block-navigation-item__content\"  href=\"https:\/\/ohmyglow.mastermarketing.cloud\/index.php\/avis-clients\/\"><span class=\"wp-block-navigation-item__label\">Avis clients<\/span><\/a><\/li><li class=\" wp-block-navigation-item wp-block-navigation-link\"><a class=\"wp-block-navigation-item__content\"  href=\"https:\/\/ohmyglow.mastermarketing.cloud\/index.php\/blog\/\"><span class=\"wp-block-navigation-item__label\">Blog<\/span><\/a><\/li><\/ul>\n\t\t\t\t\t\t\t<\/div>\n\t\t\t\t\t\t<\/div>\n\t\t\t\t\t<\/div>\n\t\t\t\t<\/div><\/nav><\/div>\n\n\n\n<div style=\"height:150px\" aria-hidden=\"true\" class=\"wp-block-spacer\"><\/div>\n\n\n\n<h1 class=\"wp-block-heading has-text-align-center has-text-color has-link-color has-suranna-font-family wp-elements-7f3a1baa4cd590d327c287c3abd2b144\" style=\"color:#ffffff;font-size:clamp(38.682px, 2.418rem + ((1vw - 3.2px) * 3.266), 72px);font-style:normal;font-weight:500\">\u00c0 propos de Oh My Glow<\/h1>\n<\/div><\/div>\n\n\n\n<section class=\"wp-block-group alignfull has-global-padding is-layout-constrained wp-container-core-group-is-layout-608bbd49 wp-block-group-is-layout-constrained\" style=\"margin-top:0px;padding-top:6rem;padding-right:1rem;padding-bottom:5rem;padding-left:1rem;font-size:clamp(0.875rem, 0.875rem + ((1vw - 0.2rem) * 0.4), 1.13rem);font-style:normal;font-weight:400;line-height:1.4\">\n<div class=\"wp-block-columns is-layout-flex wp-container-core-columns-is-layout-03ad6a19 wp-block-columns-is-layout-flex\" style=\"margin-bottom:0px\">\n<div class=\"wp-block-column is-vertically-aligned-center is-layout-flow wp-block-column-is-layout-flow\" style=\"flex-basis:50%\">\n<figure class=\"wp-block-image alignleft size-full\"><img loading=\"lazy\" decoding=\"async\" width=\"761\" height=\"1348\" src=\"http:\/\/ohmyglow.mastermarketing.cloud\/wp-content\/uploads\/2026\/02\/IMG_6430.jpg\" alt=\"\" class=\"wp-image-12\" style=\"aspect-ratio:1;object-fit:cover\" srcset=\"https:\/\/ohmyglow.mastermarketing.cloud\/wp-content\/uploads\/2026\/02\/IMG_6430.jpg 761w, https:\/\/ohmyglow.mastermarketing.cloud\/wp-content\/uploads\/2026\/02\/IMG_6430-169x300.jpg 169w, https:\/\/ohmyglow.mastermarketing.cloud\/wp-content\/uploads\/2026\/02\/IMG_6430-578x1024.jpg 578w\" sizes=\"auto, (max-width: 761px) 100vw, 761px\" \/><\/figure>\n<\/div>\n\n\n\n<div class=\"wp-block-column is-vertically-aligned-center has-global-padding is-layout-constrained wp-container-core-column-is-layout-c4a7d96a wp-block-column-is-layout-constrained\" style=\"flex-basis:50%\">\n<h3 class=\"wp-block-heading has-text-align-left has-text-color has-suranna-font-family\" style=\"color:#000000;margin-top:0.5rem;margin-bottom:0rem;font-size:clamp(24.034px, 1.502rem + ((1vw - 3.2px) * 1.565), 40px);font-style:normal;font-weight:500;letter-spacing:0px;line-height:1.3\">Chiara, esth\u00e9ticienne dipl\u00f4m\u00e9e<br><\/h3>\n\n\n\n<p class=\"has-text-align-left has-text-color has-pontano-sans-font-family\" style=\"color:#000000;margin-top:20px;margin-bottom:20px;font-size:clamp(14px, 0.875rem + ((1vw - 3.2px) * 0.392), 18px);font-style:normal;font-weight:400;line-height:1.5\">Passionn\u00e9e par l\u2019esth\u00e9tique et le sens du d\u00e9tail, j\u2019ai choisi ce m\u00e9tier avec la volont\u00e9 d\u2019accompagner chaque femme dans la mise en valeur de sa beaut\u00e9 naturelle. Au fil des ann\u00e9es, j\u2019ai d\u00e9velopp\u00e9 un savoir-faire pr\u00e9cis et exigeant, en me formant r\u00e9guli\u00e8rement aux techniques les plus modernes. Mon objectif est simple : proposer des prestations de qualit\u00e9, r\u00e9alis\u00e9es avec rigueur et douceur, dans un cadre professionnel et rassurant.<\/p>\n\n\n\n<div class=\"wp-block-buttons is-horizontal is-content-justification-left is-layout-flex wp-container-core-buttons-is-layout-2c34cf1c wp-block-buttons-is-layout-flex\" style=\"margin-top:0.51rem\">\n<div class=\"wp-block-button has-custom-width wp-block-button__width-50 is-style-fill\"><a class=\"wp-block-button__link has-text-color has-background has-pontano-sans-font-family has-custom-font-size wp-element-button\" href=\"#\" style=\"border-style:none;border-width:0px;border-radius:0rem;color:#fffffd;background-color:#e31912;padding-top:0.71rem;padding-right:0.31rem;padding-bottom:0.71rem;padding-left:0.31rem;font-size:clamp(0.875rem, 0.875rem + ((1vw - 0.2rem) * 0.212), 1.01rem);font-style:normal;font-weight:600;letter-spacing:1px;line-height:1.5;text-transform:uppercase\">ME CONTACTER<\/a><\/div>\n<\/div>\n<\/div>\n<\/div>\n<\/section>\n\n\n\n<div class=\"wp-block-cover alignfull is-light\" style=\"padding-top:6rem;padding-bottom:6rem\"><span aria-hidden=\"true\" class=\"wp-block-cover__background has-background-dim-10 has-background-dim\" style=\"background-color:#e27013\"><\/span><div class=\"wp-block-cover__inner-container has-global-padding is-layout-constrained wp-container-core-cover-is-layout-5cbdda46 wp-block-cover-is-layout-constrained\">\n<h2 class=\"wp-block-heading has-text-align-center has-text-color has-link-color has-suranna-font-family wp-elements-5c4e32b9b20cce966c002a3f14b3d12d\" style=\"color:#000000;font-size:clamp(24.034px, 1.502rem + ((1vw - 3.2px) * 1.565), 40px);font-style:normal;font-weight:500;letter-spacing:1px\">Mon expertise<\/h2>\n\n\n\n<p class=\"has-text-align-center has-text-color has-link-color wp-elements-d5fcdd19cfd36778d7b87bb8f88d8a40\" style=\"color:#000000;font-size:clamp(14px, 0.875rem + ((1vw - 3.2px) * 0.392), 18px);\">Je propose une large gamme de prestations allant des soins esth\u00e9tiques classiques aux techniques plus sp\u00e9cialis\u00e9es comme le rehaussement de cils, le maquillage longue tenue ou encore la dermo-pigmentation. Chaque geste est ma\u00eetris\u00e9, chaque protocole est r\u00e9fl\u00e9chi. L\u2019hygi\u00e8ne, la pr\u00e9cision et l\u2019\u00e9coute sont au c\u0153ur de mon travail afin de garantir un r\u00e9sultat harmonieux et durable.<\/p>\n\n\n\n<div class=\"wp-block-buttons is-horizontal is-content-justification-center is-layout-flex wp-container-core-buttons-is-layout-bb07f847 wp-block-buttons-is-layout-flex\" style=\"margin-top:30px\">\n<div class=\"wp-block-button has-custom-width wp-block-button__width-50 is-style-fill\"><a class=\"wp-block-button__link has-text-color has-background has-pontano-sans-font-family has-custom-font-size wp-element-button\" href=\"https:\/\/ohmyglow.mastermarketing.cloud\/index.php\/les-prestations\/\" style=\"border-style:none;border-width:0px;border-radius:0rem;color:#fffffd;background-color:#e31912;padding-top:0.71rem;padding-right:0.31rem;padding-bottom:0.71rem;padding-left:0.31rem;font-size:clamp(0.875rem, 0.875rem + ((1vw - 0.2rem) * 0.212), 1.01rem);font-style:normal;font-weight:600;letter-spacing:1px;line-height:1.5;text-transform:uppercase\">LES PRESTATIONS<\/a><\/div>\n<\/div>\n<\/div><\/div>\n\n\n\n<section class=\"wp-block-group alignfull has-global-padding is-layout-constrained wp-container-core-group-is-layout-8202059b wp-block-group-is-layout-constrained\" style=\"margin-top:0px;padding-top:6rem;padding-right:1rem;padding-bottom:6rem;padding-left:1rem;font-size:clamp(0.875rem, 0.875rem + ((1vw - 0.2rem) * 0.4), 1.13rem);font-style:normal;font-weight:400;line-height:1.4\">\n<div class=\"wp-block-columns is-layout-flex wp-container-core-columns-is-layout-03ad6a19 wp-block-columns-is-layout-flex\" style=\"margin-bottom:0px\">\n<div class=\"wp-block-column is-vertically-aligned-center has-global-padding is-layout-constrained wp-container-core-column-is-layout-c4a7d96a wp-block-column-is-layout-constrained\" style=\"flex-basis:50%\">\n<h3 class=\"wp-block-heading has-text-align-left has-text-color has-suranna-font-family\" style=\"color:#010101;margin-top:0.5rem;margin-bottom:0rem;font-size:clamp(24.034px, 1.502rem + ((1vw - 3.2px) * 1.565), 40px);font-style:normal;font-weight:500;letter-spacing:0px;line-height:1.3\">Des produits s\u00e9lectionn\u00e9s avec exigence<\/h3>\n\n\n\n<p class=\"has-text-align-left has-text-color has-pontano-sans-font-family\" style=\"color:#010101;margin-top:20px;margin-bottom:20px;font-size:clamp(14px, 0.875rem + ((1vw - 3.2px) * 0.392), 18px);font-style:normal;font-weight:400;line-height:1.5\">Je travaille exclusivement avec la marque Intimu, reconnue pour la qualit\u00e9 et la performance de ses formulations professionnelles. J\u2019ai fait le choix de collaborer uniquement avec cette marque afin de garantir \u00e0 mes clientes des produits fiables, s\u00fbrs et adapt\u00e9s aux diff\u00e9rents types de peau. Intimu allie innovation, efficacit\u00e9 et respect de la peau, ce qui me permet d\u2019obtenir des r\u00e9sultats visibles tout en conservant une approche douce et ma\u00eetris\u00e9e. Ce partenariat refl\u00e8te mon exigence : proposer uniquement ce qu\u2019il y a de meilleur pour assurer des prestations \u00e0 la hauteur de vos attentes.<\/p>\n\n\n\n<div class=\"wp-block-buttons is-horizontal is-content-justification-left is-layout-flex wp-container-core-buttons-is-layout-2c34cf1c wp-block-buttons-is-layout-flex\" style=\"margin-top:0.51rem\">\n<div class=\"wp-block-button has-custom-width wp-block-button__width-50 is-style-fill\"><a class=\"wp-block-button__link has-text-color has-background has-pontano-sans-font-family has-custom-font-size wp-element-button\" href=\"https:\/\/intimu.fr\/\" style=\"border-style:none;border-width:0px;border-radius:0rem;color:#fffffd;background-color:#e31912;padding-top:0.71rem;padding-right:0.31rem;padding-bottom:0.71rem;padding-left:0.31rem;font-size:clamp(0.875rem, 0.875rem + ((1vw - 0.2rem) * 0.212), 1.01rem);font-style:normal;font-weight:600;letter-spacing:1px;line-height:1.5;text-transform:uppercase\">D\u00c9COUVRIR LA MARQUE<\/a><\/div>\n<\/div>\n<\/div>\n\n\n\n<div class=\"wp-block-column is-vertically-aligned-center is-layout-flow wp-block-column-is-layout-flow\" style=\"flex-basis:50%\">\n<figure class=\"wp-block-image alignright size-full is-resized has-custom-border\"><img loading=\"lazy\" decoding=\"async\" width=\"300\" height=\"300\" src=\"http:\/\/ohmyglow.mastermarketing.cloud\/wp-content\/uploads\/2026\/02\/image.png\" alt=\"\" class=\"wp-image-21\" style=\"border-style:none;border-width:0px;object-fit:cover;width:326px;height:auto\" srcset=\"https:\/\/ohmyglow.mastermarketing.cloud\/wp-content\/uploads\/2026\/02\/image.png 300w, https:\/\/ohmyglow.mastermarketing.cloud\/wp-content\/uploads\/2026\/02\/image-150x150.png 150w\" sizes=\"auto, (max-width: 300px) 100vw, 300px\" \/><\/figure>\n<\/div>\n<\/div>\n<\/section>\n","protected":false},"excerpt":{"rendered":"<p>Chiara, esth\u00e9ticienne dipl\u00f4m\u00e9e Passionn\u00e9e par l\u2019esth\u00e9tique et le sens du d\u00e9tail, j\u2019ai choisi ce m\u00e9tier avec la volont\u00e9 d\u2019accompagner chaque femme dans la mise en valeur de sa beaut\u00e9 naturelle. Au fil des ann\u00e9es, j\u2019ai d\u00e9velopp\u00e9 un savoir-faire pr\u00e9cis et exigeant, en me formant r\u00e9guli\u00e8rement aux techniques les plus modernes. Mon objectif est simple : [&hellip;]<\/p>\n","protected":false},"author":2,"featured_media":0,"parent":0,"menu_order":0,"comment_status":"closed","ping_status":"closed","template":"","meta":{"footnotes":""},"class_list":["post-87","page","type-page","status-publish","hentry"],"yoast_head":"<!-- This site is optimized with the Yoast SEO plugin v27.2 - https:\/\/yoast.com\/product\/yoast-seo-wordpress\/ -->\n<title>-<\/title>\n<meta name=\"robots\" content=\"index, follow, max-snippet:-1, max-image-preview:large, max-video-preview:-1\" \/>\n<link rel=\"canonical\" href=\"https:\/\/ohmyglow.mastermarketing.cloud\/index.php\/a-propos\/\" \/>\n<meta property=\"og:locale\" content=\"fr_FR\" \/>\n<meta property=\"og:type\" content=\"article\" \/>\n<meta property=\"og:title\" content=\"-\" \/>\n<meta property=\"og:description\" content=\"Chiara, esth\u00e9ticienne dipl\u00f4m\u00e9e Passionn\u00e9e par l\u2019esth\u00e9tique et le sens du d\u00e9tail, j\u2019ai choisi ce m\u00e9tier avec la volont\u00e9 d\u2019accompagner chaque femme dans la mise en valeur de sa beaut\u00e9 naturelle. Au fil des ann\u00e9es, j\u2019ai d\u00e9velopp\u00e9 un savoir-faire pr\u00e9cis et exigeant, en me formant r\u00e9guli\u00e8rement aux techniques les plus modernes. Mon objectif est simple : [&hellip;]\" \/>\n<meta property=\"og:url\" content=\"https:\/\/ohmyglow.mastermarketing.cloud\/index.php\/a-propos\/\" \/>\n<meta property=\"article:modified_time\" content=\"2026-03-19T21:51:54+00:00\" \/>\n<meta property=\"og:image\" content=\"http:\/\/ohmyglow.mastermarketing.cloud\/wp-content\/uploads\/2026\/02\/IMG_6430.jpg\" \/>\n<meta name=\"twitter:card\" content=\"summary_large_image\" \/>\n<meta name=\"twitter:label1\" content=\"Dur\u00e9e de lecture estim\u00e9e\" \/>\n\t<meta name=\"twitter:data1\" content=\"2 minutes\" \/>\n<script type=\"application\/ld+json\" class=\"yoast-schema-graph\">{\"@context\":\"https:\/\/schema.org\",\"@graph\":[{\"@type\":\"WebPage\",\"@id\":\"https:\/\/ohmyglow.mastermarketing.cloud\/index.php\/a-propos\/\",\"url\":\"https:\/\/ohmyglow.mastermarketing.cloud\/index.php\/a-propos\/\",\"name\":\"-\",\"isPartOf\":{\"@id\":\"http:\/\/ohmyglow.mastermarketing.cloud\/#website\"},\"primaryImageOfPage\":{\"@id\":\"https:\/\/ohmyglow.mastermarketing.cloud\/index.php\/a-propos\/#primaryimage\"},\"image\":{\"@id\":\"https:\/\/ohmyglow.mastermarketing.cloud\/index.php\/a-propos\/#primaryimage\"},\"thumbnailUrl\":\"http:\/\/ohmyglow.mastermarketing.cloud\/wp-content\/uploads\/2026\/02\/IMG_6430.jpg\",\"datePublished\":\"2026-02-12T15:13:38+00:00\",\"dateModified\":\"2026-03-19T21:51:54+00:00\",\"inLanguage\":\"fr-FR\",\"potentialAction\":[{\"@type\":\"ReadAction\",\"target\":[\"https:\/\/ohmyglow.mastermarketing.cloud\/index.php\/a-propos\/\"]}]},{\"@type\":\"ImageObject\",\"inLanguage\":\"fr-FR\",\"@id\":\"https:\/\/ohmyglow.mastermarketing.cloud\/index.php\/a-propos\/#primaryimage\",\"url\":\"https:\/\/ohmyglow.mastermarketing.cloud\/wp-content\/uploads\/2026\/02\/IMG_6430.jpg\",\"contentUrl\":\"https:\/\/ohmyglow.mastermarketing.cloud\/wp-content\/uploads\/2026\/02\/IMG_6430.jpg\",\"width\":761,\"height\":1348,\"caption\":\"Screenshot\"},{\"@type\":\"WebSite\",\"@id\":\"http:\/\/ohmyglow.mastermarketing.cloud\/#website\",\"url\":\"http:\/\/ohmyglow.mastermarketing.cloud\/\",\"name\":\"\",\"description\":\"\",\"potentialAction\":[{\"@type\":\"SearchAction\",\"target\":{\"@type\":\"EntryPoint\",\"urlTemplate\":\"http:\/\/ohmyglow.mastermarketing.cloud\/?s={search_term_string}\"},\"query-input\":{\"@type\":\"PropertyValueSpecification\",\"valueRequired\":true,\"valueName\":\"search_term_string\"}}],\"inLanguage\":\"fr-FR\"}]}<\/script>\n<!-- \/ Yoast SEO plugin. -->","yoast_head_json":{"title":"-","robots":{"index":"index","follow":"follow","max-snippet":"max-snippet:-1","max-image-preview":"max-image-preview:large","max-video-preview":"max-video-preview:-1"},"canonical":"https:\/\/ohmyglow.mastermarketing.cloud\/index.php\/a-propos\/","og_locale":"fr_FR","og_type":"article","og_title":"-","og_description":"Chiara, esth\u00e9ticienne dipl\u00f4m\u00e9e Passionn\u00e9e par l\u2019esth\u00e9tique et le sens du d\u00e9tail, j\u2019ai choisi ce m\u00e9tier avec la volont\u00e9 d\u2019accompagner chaque femme dans la mise en valeur de sa beaut\u00e9 naturelle. Au fil des ann\u00e9es, j\u2019ai d\u00e9velopp\u00e9 un savoir-faire pr\u00e9cis et exigeant, en me formant r\u00e9guli\u00e8rement aux techniques les plus modernes. Mon objectif est simple : [&hellip;]","og_url":"https:\/\/ohmyglow.mastermarketing.cloud\/index.php\/a-propos\/","article_modified_time":"2026-03-19T21:51:54+00:00","og_image":[{"url":"http:\/\/ohmyglow.mastermarketing.cloud\/wp-content\/uploads\/2026\/02\/IMG_6430.jpg","type":"","width":"","height":""}],"twitter_card":"summary_large_image","twitter_misc":{"Dur\u00e9e de lecture estim\u00e9e":"2 minutes"},"schema":{"@context":"https:\/\/schema.org","@graph":[{"@type":"WebPage","@id":"https:\/\/ohmyglow.mastermarketing.cloud\/index.php\/a-propos\/","url":"https:\/\/ohmyglow.mastermarketing.cloud\/index.php\/a-propos\/","name":"-","isPartOf":{"@id":"http:\/\/ohmyglow.mastermarketing.cloud\/#website"},"primaryImageOfPage":{"@id":"https:\/\/ohmyglow.mastermarketing.cloud\/index.php\/a-propos\/#primaryimage"},"image":{"@id":"https:\/\/ohmyglow.mastermarketing.cloud\/index.php\/a-propos\/#primaryimage"},"thumbnailUrl":"http:\/\/ohmyglow.mastermarketing.cloud\/wp-content\/uploads\/2026\/02\/IMG_6430.jpg","datePublished":"2026-02-12T15:13:38+00:00","dateModified":"2026-03-19T21:51:54+00:00","inLanguage":"fr-FR","potentialAction":[{"@type":"ReadAction","target":["https:\/\/ohmyglow.mastermarketing.cloud\/index.php\/a-propos\/"]}]},{"@type":"ImageObject","inLanguage":"fr-FR","@id":"https:\/\/ohmyglow.mastermarketing.cloud\/index.php\/a-propos\/#primaryimage","url":"https:\/\/ohmyglow.mastermarketing.cloud\/wp-content\/uploads\/2026\/02\/IMG_6430.jpg","contentUrl":"https:\/\/ohmyglow.mastermarketing.cloud\/wp-content\/uploads\/2026\/02\/IMG_6430.jpg","width":761,"height":1348,"caption":"Screenshot"},{"@type":"WebSite","@id":"http:\/\/ohmyglow.mastermarketing.cloud\/#website","url":"http:\/\/ohmyglow.mastermarketing.cloud\/","name":"","description":"","potentialAction":[{"@type":"SearchAction","target":{"@type":"EntryPoint","urlTemplate":"http:\/\/ohmyglow.mastermarketing.cloud\/?s={search_term_string}"},"query-input":{"@type":"PropertyValueSpecification","valueRequired":true,"valueName":"search_term_string"}}],"inLanguage":"fr-FR"}]}},"_links":{"self":[{"href":"https:\/\/ohmyglow.mastermarketing.cloud\/index.php\/wp-json\/wp\/v2\/pages\/87","targetHints":{"allow":["GET"]}}],"collection":[{"href":"https:\/\/ohmyglow.mastermarketing.cloud\/index.php\/wp-json\/wp\/v2\/pages"}],"about":[{"href":"https:\/\/ohmyglow.mastermarketing.cloud\/index.php\/wp-json\/wp\/v2\/types\/page"}],"author":[{"embeddable":true,"href":"https:\/\/ohmyglow.mastermarketing.cloud\/index.php\/wp-json\/wp\/v2\/users\/2"}],"replies":[{"embeddable":true,"href":"https:\/\/ohmyglow.mastermarketing.cloud\/index.php\/wp-json\/wp\/v2\/comments?post=87"}],"version-history":[{"count":14,"href":"https:\/\/ohmyglow.mastermarketing.cloud\/index.php\/wp-json\/wp\/v2\/pages\/87\/revisions"}],"predecessor-version":[{"id":177,"href":"https:\/\/ohmyglow.mastermarketing.cloud\/index.php\/wp-json\/wp\/v2\/pages\/87\/revisions\/177"}],"wp:attachment":[{"href":"https:\/\/ohmyglow.mastermarketing.cloud\/index.php\/wp-json\/wp\/v2\/media?parent=87"}],"curies":[{"name":"wp","href":"https:\/\/api.w.org\/{rel}","templated":true}]}}